{"id":2942,"date":"2023-12-12T17:54:35","date_gmt":"2023-12-12T16:54:35","guid":{"rendered":"https:\/\/sidap.it\/?page_id=2942"},"modified":"2024-12-10T09:59:00","modified_gmt":"2024-12-10T08:59:00","slug":"sostenibilidad-ambiental","status":"publish","type":"page","link":"https:\/\/sidap.it\/es\/sostenibilidad-ambiental\/","title":{"rendered":"Sostenibilidad Ambiental"},"content":{"rendered":"\t\t<div data-elementor-type=\"wp-page\" data-elementor-id=\"2942\" class=\"elementor elementor-2942 elementor-1130\" data-elementor-post-type=\"page\">\n\t\t\t\t\t\t<section class=\"elementor-section elementor-top-section elementor-element elementor-element-a9917ad elementor-section-boxed elementor-section-height-default elementor-section-height-default\" data-id=\"a9917ad\" data-element_type=\"section\" data-e-type=\"section\" data-settings=\"{&quot;background_background&quot;:&quot;classic&quot;}\">\n\t\t\t\t\t\t\t<div class=\"elementor-background-overlay\"><\/div>\n\t\t\t\t\t\t\t<div class=\"elementor-container elementor-column-gap-default\">\n\t\t\t\t\t<div class=\"elementor-column elementor-col-100 elementor-top-column elementor-element elementor-element-e433fb9\" data-id=\"e433fb9\" data-element_type=\"column\" data-e-type=\"column\">\n\t\t\t<div class=\"elementor-widget-wrap elementor-element-populated\">\n\t\t\t\t\t\t<div class=\"elementor-element elementor-element-dbedfb2 elementor-widget__width-auto elementor-invisible elementor-widget elementor-widget-heading\" data-id=\"dbedfb2\" data-element_type=\"widget\" data-e-type=\"widget\" data-settings=\"{&quot;_animation&quot;:&quot;fadeInLeft&quot;}\" data-widget_type=\"heading.default\">\n\t\t\t\t<div class=\"elementor-widget-container\">\n\t\t\t\t\t<h1 class=\"elementor-heading-title elementor-size-default\">Sostenibilidad Ambiental<\/h1>\t\t\t\t<\/div>\n\t\t\t\t<\/div>\n\t\t\t\t\t<\/div>\n\t\t<\/div>\n\t\t\t\t\t<\/div>\n\t\t<\/section>\n\t\t\t\t<section class=\"elementor-section elementor-top-section elementor-element elementor-element-7ba1af25 elementor-section-boxed elementor-section-height-default elementor-section-height-default\" data-id=\"7ba1af25\" data-element_type=\"section\" data-e-type=\"section\">\n\t\t\t\t\t\t<div class=\"elementor-container elementor-column-gap-default\">\n\t\t\t\t\t<div class=\"elementor-column elementor-col-100 elementor-top-column elementor-element elementor-element-5b3dc655\" data-id=\"5b3dc655\" data-element_type=\"column\" data-e-type=\"column\">\n\t\t\t<div class=\"elementor-widget-wrap elementor-element-populated\">\n\t\t\t\t\t\t<section class=\"elementor-section elementor-inner-section elementor-element elementor-element-667218a4 animated-slow elementor-section-boxed elementor-section-height-default elementor-section-height-default elementor-invisible\" data-id=\"667218a4\" data-element_type=\"section\" data-e-type=\"section\" data-settings=\"{&quot;animation&quot;:&quot;fadeIn&quot;}\">\n\t\t\t\t\t\t<div class=\"elementor-container elementor-column-gap-default\">\n\t\t\t\t\t<div class=\"elementor-column elementor-col-100 elementor-inner-column elementor-element elementor-element-2f234710\" data-id=\"2f234710\" data-element_type=\"column\" data-e-type=\"column\" data-settings=\"{&quot;animation&quot;:&quot;none&quot;}\">\n\t\t\t<div class=\"elementor-widget-wrap elementor-element-populated\">\n\t\t\t\t\t\t<div class=\"elementor-element elementor-element-9a436cb elementor-widget elementor-widget-heading\" data-id=\"9a436cb\" data-element_type=\"widget\" data-e-type=\"widget\" data-widget_type=\"heading.default\">\n\t\t\t\t<div class=\"elementor-widget-container\">\n\t\t\t\t\t<h2 class=\"elementor-heading-title elementor-size-default\">Innovaci\u00f3n verde: tecnolog\u00eda al servicio del medio ambiente.<\/h2>\t\t\t\t<\/div>\n\t\t\t\t<\/div>\n\t\t\t\t<div class=\"elementor-element elementor-element-166b0caf elementor-widget__width-initial elementor-widget-mobile__width-inherit elementor-widget elementor-widget-text-editor\" data-id=\"166b0caf\" data-element_type=\"widget\" data-e-type=\"widget\" data-widget_type=\"text-editor.default\">\n\t\t\t\t<div class=\"elementor-widget-container\">\n\t\t\t\t\t\t\t\t\t<p>A partir de 2021, Sidap S.r.l. ha puesto en marcha un programa de cambios estructurales para reducir el consumo y el impacto medioambiental.<br \/>En los primeros meses de 2022, con la entrada en funcionamiento de un sistema fotovoltaico, se dio un paso m\u00e1s que permiti\u00f3 compensar en un 100% la necesidad energ\u00e9tica de la compa\u00f1\u00eda.<\/p>\t\t\t\t\t\t\t\t<\/div>\n\t\t\t\t<\/div>\n\t\t\t\t<div class=\"elementor-element elementor-element-7a06acb elementor-widget elementor-widget-image\" data-id=\"7a06acb\" data-element_type=\"widget\" data-e-type=\"widget\" data-widget_type=\"image.default\">\n\t\t\t\t<div class=\"elementor-widget-container\">\n\t\t\t\t\t\t\t\t\t\t\t\t\t\t\t<img fetchpriority=\"high\" decoding=\"async\" width=\"1300\" height=\"586\" src=\"https:\/\/sidap.it\/wp-content\/uploads\/2024\/01\/sidap-sostenibilita-azienda.jpg\" class=\"attachment-full size-full wp-image-2952\" alt=\"\" srcset=\"https:\/\/sidap.it\/wp-content\/uploads\/2024\/01\/sidap-sostenibilita-azienda.jpg 1300w, https:\/\/sidap.it\/wp-content\/uploads\/2024\/01\/sidap-sostenibilita-azienda-300x135.jpg 300w, https:\/\/sidap.it\/wp-content\/uploads\/2024\/01\/sidap-sostenibilita-azienda-1024x462.jpg 1024w, https:\/\/sidap.it\/wp-content\/uploads\/2024\/01\/sidap-sostenibilita-azienda-768x346.jpg 768w\" sizes=\"(max-width: 1300px) 100vw, 1300px\" \/>\t\t\t\t\t\t\t\t\t\t\t\t\t\t\t<\/div>\n\t\t\t\t<\/div>\n\t\t\t\t\t<\/div>\n\t\t<\/div>\n\t\t\t\t\t<\/div>\n\t\t<\/section>\n\t\t\t\t\t<\/div>\n\t\t<\/div>\n\t\t\t\t\t<\/div>\n\t\t<\/section>\n\t\t\t\t<section class=\"elementor-section elementor-top-section elementor-element elementor-element-6bf91e54 elementor-reverse-tablet elementor-reverse-mobile elementor-section-boxed elementor-section-height-default elementor-section-height-default\" data-id=\"6bf91e54\" data-element_type=\"section\" data-e-type=\"section\" data-settings=\"{&quot;background_background&quot;:&quot;classic&quot;}\">\n\t\t\t\t\t\t<div class=\"elementor-container elementor-column-gap-default\">\n\t\t\t\t\t<div class=\"elementor-column elementor-col-100 elementor-top-column elementor-element elementor-element-20c4f57f\" data-id=\"20c4f57f\" data-element_type=\"column\" data-e-type=\"column\">\n\t\t\t<div class=\"elementor-widget-wrap elementor-element-populated\">\n\t\t\t\t\t\t<div class=\"elementor-element elementor-element-50239870 elementor-invisible elementor-widget elementor-widget-heading\" data-id=\"50239870\" data-element_type=\"widget\" data-e-type=\"widget\" data-settings=\"{&quot;_animation&quot;:&quot;fadeInUp&quot;}\" data-widget_type=\"heading.default\">\n\t\t\t\t<div class=\"elementor-widget-container\">\n\t\t\t\t\t<h3 class=\"elementor-heading-title elementor-size-default\">Soluciones ecosostenibles para la log\u00edstica portuaria <\/h3>\t\t\t\t<\/div>\n\t\t\t\t<\/div>\n\t\t\t\t<div class=\"elementor-element elementor-element-241a0cd0 elementor-widget__width-initial elementor-widget-mobile__width-inherit elementor-widget elementor-widget-text-editor\" data-id=\"241a0cd0\" data-element_type=\"widget\" data-e-type=\"widget\" data-widget_type=\"text-editor.default\">\n\t\t\t\t<div class=\"elementor-widget-container\">\n\t\t\t\t\t\t\t\t\t<p>A lo largo de los a\u00f1os se ha establecido una colaboraci\u00f3n con clientes y proveedores de envases para reducir al m\u00e1ximo el volumen de envases que se comercializan. Adem\u00e1s, se han adoptado soluciones de econom\u00eda circular para reutilizar los materiales que de otro modo estar\u00edan destinados a la eliminaci\u00f3n o al reciclaje.<\/p>\t\t\t\t\t\t\t\t<\/div>\n\t\t\t\t<\/div>\n\t\t\t\t<section class=\"elementor-section elementor-inner-section elementor-element elementor-element-27ad1c2 elementor-section-boxed elementor-section-height-default elementor-section-height-default elementor-invisible\" data-id=\"27ad1c2\" data-element_type=\"section\" data-e-type=\"section\" data-settings=\"{&quot;animation&quot;:&quot;fadeInUp&quot;}\">\n\t\t\t\t\t\t<div class=\"elementor-container elementor-column-gap-default\">\n\t\t\t\t\t<div class=\"elementor-column elementor-col-33 elementor-inner-column elementor-element elementor-element-4cf8e8f\" data-id=\"4cf8e8f\" data-element_type=\"column\" data-e-type=\"column\">\n\t\t\t<div class=\"elementor-widget-wrap elementor-element-populated\">\n\t\t\t\t\t\t<div class=\"elementor-element elementor-element-b9770bc elementor-widget elementor-widget-tfimagebox\" data-id=\"b9770bc\" data-element_type=\"widget\" data-e-type=\"widget\" data-widget_type=\"tfimagebox.default\">\n\t\t\t\t<div class=\"elementor-widget-container\">\n\t\t\t\t\t<div class=\"tf-imagebox style-1\">\r\n\t\t\t\t<div class=\"image\"><img decoding=\"async\" width=\"800\" height=\"518\" src=\"https:\/\/sidap.it\/wp-content\/uploads\/2023\/12\/sidap-sostenibilita2.jpg\" class=\"attachment-large size-large wp-image-1153\" alt=\"\" srcset=\"https:\/\/sidap.it\/wp-content\/uploads\/2023\/12\/sidap-sostenibilita2.jpg 1000w, https:\/\/sidap.it\/wp-content\/uploads\/2023\/12\/sidap-sostenibilita2-300x194.jpg 300w, https:\/\/sidap.it\/wp-content\/uploads\/2023\/12\/sidap-sostenibilita2-768x497.jpg 768w\" sizes=\"(max-width: 800px) 100vw, 800px\" \/> <\/div>\r\n\t\t\t\t<div class=\"content-only \"> <h4 class=\"title\"><a href=\"#\">Sistemas Fotovoltaicos<\/a><\/h4><\/div>\r\n\t\t\t\t<div class=\"content \"> <h4 class=\"title\"><a href=\"#\">Sistemas Fotovoltaicos<\/a><\/h4> <div class=\"description\">Reducir las emisiones de CO2,<\/div> <\/div>\r\n\t\t\t<\/div>\t\t\t\t<\/div>\n\t\t\t\t<\/div>\n\t\t\t\t\t<\/div>\n\t\t<\/div>\n\t\t\t\t<div class=\"elementor-column elementor-col-33 elementor-inner-column elementor-element elementor-element-04d3ce7\" data-id=\"04d3ce7\" data-element_type=\"column\" data-e-type=\"column\">\n\t\t\t<div class=\"elementor-widget-wrap elementor-element-populated\">\n\t\t\t\t\t\t<div class=\"elementor-element elementor-element-d93109d elementor-widget elementor-widget-tfimagebox\" data-id=\"d93109d\" data-element_type=\"widget\" data-e-type=\"widget\" data-widget_type=\"tfimagebox.default\">\n\t\t\t\t<div class=\"elementor-widget-container\">\n\t\t\t\t\t<div class=\"tf-imagebox style-1\">\r\n\t\t\t\t<div class=\"image\"><img decoding=\"async\" width=\"800\" height=\"518\" src=\"https:\/\/sidap.it\/wp-content\/uploads\/2023\/12\/sidap-sostenibilita3-1.jpg\" class=\"attachment-large size-large wp-image-1515\" alt=\"\" srcset=\"https:\/\/sidap.it\/wp-content\/uploads\/2023\/12\/sidap-sostenibilita3-1.jpg 1000w, https:\/\/sidap.it\/wp-content\/uploads\/2023\/12\/sidap-sostenibilita3-1-300x194.jpg 300w, https:\/\/sidap.it\/wp-content\/uploads\/2023\/12\/sidap-sostenibilita3-1-768x497.jpg 768w\" sizes=\"(max-width: 800px) 100vw, 800px\" \/> <\/div>\r\n\t\t\t\t<div class=\"content-only \"> <h4 class=\"title\"><a href=\"#\">Forklift el\u00e9ctricos<\/a><\/h4><\/div>\r\n\t\t\t\t<div class=\"content \"> <h4 class=\"title\"><a href=\"#\">Forklift el\u00e9ctricos<\/a><\/h4> <div class=\"description\">Mover las mercanc\u00edas mediante energ\u00eda solar.<\/div> <\/div>\r\n\t\t\t<\/div>\t\t\t\t<\/div>\n\t\t\t\t<\/div>\n\t\t\t\t\t<\/div>\n\t\t<\/div>\n\t\t\t\t<div class=\"elementor-column elementor-col-33 elementor-inner-column elementor-element elementor-element-7b119c2\" data-id=\"7b119c2\" data-element_type=\"column\" data-e-type=\"column\">\n\t\t\t<div class=\"elementor-widget-wrap elementor-element-populated\">\n\t\t\t\t\t\t<div class=\"elementor-element elementor-element-ef1e059 elementor-widget elementor-widget-tfimagebox\" data-id=\"ef1e059\" data-element_type=\"widget\" data-e-type=\"widget\" data-widget_type=\"tfimagebox.default\">\n\t\t\t\t<div class=\"elementor-widget-container\">\n\t\t\t\t\t<div class=\"tf-imagebox style-1\">\r\n\t\t\t\t<div class=\"image\"><img loading=\"lazy\" decoding=\"async\" width=\"800\" height=\"518\" src=\"https:\/\/sidap.it\/wp-content\/uploads\/2023\/12\/sidap-sostenibilita5.jpg\" class=\"attachment-large size-large wp-image-1549\" alt=\"\" srcset=\"https:\/\/sidap.it\/wp-content\/uploads\/2023\/12\/sidap-sostenibilita5.jpg 1000w, https:\/\/sidap.it\/wp-content\/uploads\/2023\/12\/sidap-sostenibilita5-300x194.jpg 300w, https:\/\/sidap.it\/wp-content\/uploads\/2023\/12\/sidap-sostenibilita5-768x497.jpg 768w\" sizes=\"(max-width: 800px) 100vw, 800px\" \/> <\/div>\r\n\t\t\t\t<div class=\"content-only \"> <h4 class=\"title\"><a href=\"#\">Manipulaci\u00f3n de mercanc\u00edas con impacto cero<\/a><\/h4><\/div>\r\n\t\t\t\t<div class=\"content \"> <h4 class=\"title\"><a href=\"#\">Manipulaci\u00f3n de mercanc\u00edas con impacto cero<\/a><\/h4> <div class=\"description\">Soluciones ecosostenibles para el procesamiento y el movimiento de mercanc\u00edas.<\/div> <\/div>\r\n\t\t\t<\/div>\t\t\t\t<\/div>\n\t\t\t\t<\/div>\n\t\t\t\t\t<\/div>\n\t\t<\/div>\n\t\t\t\t\t<\/div>\n\t\t<\/section>\n\t\t\t\t\t<\/div>\n\t\t<\/div>\n\t\t\t\t\t<\/div>\n\t\t<\/section>\n\t\t\t\t<section class=\"elementor-section elementor-top-section elementor-element elementor-element-ea9f5ea elementor-section-boxed elementor-section-height-default elementor-section-height-default elementor-invisible\" data-id=\"ea9f5ea\" data-element_type=\"section\" data-e-type=\"section\" data-settings=\"{&quot;background_background&quot;:&quot;classic&quot;,&quot;animation&quot;:&quot;fadeIn&quot;}\">\n\t\t\t\t\t\t\t<div class=\"elementor-background-overlay\"><\/div>\n\t\t\t\t\t\t\t<div class=\"elementor-container elementor-column-gap-default\">\n\t\t\t\t\t<div class=\"elementor-column elementor-col-100 elementor-top-column elementor-element elementor-element-1e05067\" data-id=\"1e05067\" data-element_type=\"column\" data-e-type=\"column\">\n\t\t\t<div class=\"elementor-widget-wrap elementor-element-populated\">\n\t\t\t\t\t\t<div class=\"elementor-element elementor-element-01e73e0 elementor-invisible elementor-widget elementor-widget-heading\" data-id=\"01e73e0\" data-element_type=\"widget\" data-e-type=\"widget\" data-settings=\"{&quot;_animation&quot;:&quot;fadeInUp&quot;}\" data-widget_type=\"heading.default\">\n\t\t\t\t<div class=\"elementor-widget-container\">\n\t\t\t\t\t<h4 class=\"elementor-heading-title elementor-size-default\">Sidap s.r.l., creyendo firmemente en los valores educativos del deporte, est\u00e1 desde siempre implicada en el \u00e1mbito social, apoyando iniciativas culturales, eventos deportivos y sociales para los j\u00f3venes.<\/h4>\t\t\t\t<\/div>\n\t\t\t\t<\/div>\n\t\t\t\t\t<\/div>\n\t\t<\/div>\n\t\t\t\t\t<\/div>\n\t\t<\/section>\n\t\t\t\t<\/div>\n\t\t","protected":false},"excerpt":{"rendered":"<p>Innovaci\u00f3n verde: tecnolog\u00eda al servicio del medio ambiente. A partir de 2021, Sidap S.r.l. ha puesto en marcha un programa de cambios estructurales para reducir el consumo y el impacto medioambiental.En los primeros meses de 2022, con la entrada en funcionamiento de un sistema fotovoltaico, se dio un paso m\u00e1s que permiti\u00f3 compensar en un [&hellip;]<\/p>\n","protected":false},"author":1,"featured_media":2946,"parent":0,"menu_order":5,"comment_status":"closed","ping_status":"closed","template":"elementor_header_footer","meta":{"footnotes":""},"class_list":["post-2942","page","type-page","status-publish","has-post-thumbnail","hentry"],"yoast_head":"<!-- This site is optimized with the Yoast SEO plugin v27.3 - https:\/\/yoast.com\/product\/yoast-seo-wordpress\/ -->\n<title>Sostenibilidad Ambiental &#8211; SIDAP s.r.l.<\/title>\n<meta name=\"description\" content=\"Sidap s.r.l. utiliza soluciones ecosostenibles para la log\u00edstica portuaria como sistemas fotovoltaicos, montacargas el\u00e9ctricos y procesamiento de impacto cero.\" \/>\n<meta name=\"robots\" content=\"index, follow, max-snippet:-1, max-image-preview:large, max-video-preview:-1\" \/>\n<link rel=\"canonical\" href=\"https:\/\/sidap.it\/es\/sostenibilidad-ambiental\/\" \/>\n<meta property=\"og:locale\" content=\"es_ES\" \/>\n<meta property=\"og:type\" content=\"article\" \/>\n<meta property=\"og:title\" content=\"Sostenibilidad Ambiental &#8211; SIDAP s.r.l.\" \/>\n<meta property=\"og:description\" content=\"Sidap s.r.l. utiliza soluciones ecosostenibles para la log\u00edstica portuaria como sistemas fotovoltaicos, montacargas el\u00e9ctricos y procesamiento de impacto cero.\" \/>\n<meta property=\"og:url\" content=\"https:\/\/sidap.it\/es\/sostenibilidad-ambiental\/\" \/>\n<meta property=\"og:site_name\" content=\"SIDAP s.r.l.\" \/>\n<meta property=\"article:modified_time\" content=\"2024-12-10T08:59:00+00:00\" \/>\n<meta property=\"og:image\" content=\"https:\/\/sidap.it\/wp-content\/uploads\/2023\/12\/sidap-sostenibilita2.jpg\" \/>\n\t<meta property=\"og:image:width\" content=\"1000\" \/>\n\t<meta property=\"og:image:height\" content=\"647\" \/>\n\t<meta property=\"og:image:type\" content=\"image\/jpeg\" \/>\n<meta name=\"twitter:card\" content=\"summary_large_image\" \/>\n<meta name=\"twitter:label1\" content=\"Tiempo de lectura\" \/>\n\t<meta name=\"twitter:data1\" content=\"2 minutos\" \/>\n<script type=\"application\/ld+json\" class=\"yoast-schema-graph\">{\"@context\":\"https:\\\/\\\/schema.org\",\"@graph\":[{\"@type\":\"WebPage\",\"@id\":\"https:\\\/\\\/sidap.it\\\/es\\\/sostenibilidad-ambiental\\\/\",\"url\":\"https:\\\/\\\/sidap.it\\\/es\\\/sostenibilidad-ambiental\\\/\",\"name\":\"Sostenibilidad Ambiental &#8211; SIDAP s.r.l.\",\"isPartOf\":{\"@id\":\"https:\\\/\\\/sidap.it\\\/#website\"},\"primaryImageOfPage\":{\"@id\":\"https:\\\/\\\/sidap.it\\\/es\\\/sostenibilidad-ambiental\\\/#primaryimage\"},\"image\":{\"@id\":\"https:\\\/\\\/sidap.it\\\/es\\\/sostenibilidad-ambiental\\\/#primaryimage\"},\"thumbnailUrl\":\"https:\\\/\\\/sidap.it\\\/wp-content\\\/uploads\\\/2023\\\/12\\\/sidap-sostenibilita2.jpg\",\"datePublished\":\"2023-12-12T16:54:35+00:00\",\"dateModified\":\"2024-12-10T08:59:00+00:00\",\"description\":\"Sidap s.r.l. utiliza soluciones ecosostenibles para la log\u00edstica portuaria como sistemas fotovoltaicos, montacargas el\u00e9ctricos y procesamiento de impacto cero.\",\"breadcrumb\":{\"@id\":\"https:\\\/\\\/sidap.it\\\/es\\\/sostenibilidad-ambiental\\\/#breadcrumb\"},\"inLanguage\":\"es\",\"potentialAction\":[{\"@type\":\"ReadAction\",\"target\":[\"https:\\\/\\\/sidap.it\\\/es\\\/sostenibilidad-ambiental\\\/\"]}]},{\"@type\":\"ImageObject\",\"inLanguage\":\"es\",\"@id\":\"https:\\\/\\\/sidap.it\\\/es\\\/sostenibilidad-ambiental\\\/#primaryimage\",\"url\":\"https:\\\/\\\/sidap.it\\\/wp-content\\\/uploads\\\/2023\\\/12\\\/sidap-sostenibilita2.jpg\",\"contentUrl\":\"https:\\\/\\\/sidap.it\\\/wp-content\\\/uploads\\\/2023\\\/12\\\/sidap-sostenibilita2.jpg\",\"width\":1000,\"height\":647},{\"@type\":\"BreadcrumbList\",\"@id\":\"https:\\\/\\\/sidap.it\\\/es\\\/sostenibilidad-ambiental\\\/#breadcrumb\",\"itemListElement\":[{\"@type\":\"ListItem\",\"position\":1,\"name\":\"Home\",\"item\":\"https:\\\/\\\/sidap.it\\\/es\\\/\"},{\"@type\":\"ListItem\",\"position\":2,\"name\":\"Sostenibilidad Ambiental\"}]},{\"@type\":\"WebSite\",\"@id\":\"https:\\\/\\\/sidap.it\\\/#website\",\"url\":\"https:\\\/\\\/sidap.it\\\/\",\"name\":\"SIDAP srl\",\"description\":\"Depositi Portuali, Logistica e Confezionamento - Manfredonia (Foggia)\",\"publisher\":{\"@id\":\"https:\\\/\\\/sidap.it\\\/#organization\"},\"potentialAction\":[{\"@type\":\"SearchAction\",\"target\":{\"@type\":\"EntryPoint\",\"urlTemplate\":\"https:\\\/\\\/sidap.it\\\/?s={search_term_string}\"},\"query-input\":{\"@type\":\"PropertyValueSpecification\",\"valueRequired\":true,\"valueName\":\"search_term_string\"}}],\"inLanguage\":\"es\"},{\"@type\":\"Organization\",\"@id\":\"https:\\\/\\\/sidap.it\\\/#organization\",\"name\":\"SIDAP srl\",\"url\":\"https:\\\/\\\/sidap.it\\\/\",\"logo\":{\"@type\":\"ImageObject\",\"inLanguage\":\"es\",\"@id\":\"https:\\\/\\\/sidap.it\\\/#\\\/schema\\\/logo\\\/image\\\/\",\"url\":\"https:\\\/\\\/sidap.it\\\/wp-content\\\/uploads\\\/2023\\\/07\\\/sidap-temp-logo.webp\",\"contentUrl\":\"https:\\\/\\\/sidap.it\\\/wp-content\\\/uploads\\\/2023\\\/07\\\/sidap-temp-logo.webp\",\"width\":370,\"height\":175,\"caption\":\"SIDAP srl\"},\"image\":{\"@id\":\"https:\\\/\\\/sidap.it\\\/#\\\/schema\\\/logo\\\/image\\\/\"}}]}<\/script>\n<!-- \/ Yoast SEO plugin. -->","yoast_head_json":{"title":"Sostenibilidad Ambiental &#8211; SIDAP s.r.l.","description":"Sidap s.r.l. utiliza soluciones ecosostenibles para la log\u00edstica portuaria como sistemas fotovoltaicos, montacargas el\u00e9ctricos y procesamiento de impacto cero.","robots":{"index":"index","follow":"follow","max-snippet":"max-snippet:-1","max-image-preview":"max-image-preview:large","max-video-preview":"max-video-preview:-1"},"canonical":"https:\/\/sidap.it\/es\/sostenibilidad-ambiental\/","og_locale":"es_ES","og_type":"article","og_title":"Sostenibilidad Ambiental &#8211; SIDAP s.r.l.","og_description":"Sidap s.r.l. utiliza soluciones ecosostenibles para la log\u00edstica portuaria como sistemas fotovoltaicos, montacargas el\u00e9ctricos y procesamiento de impacto cero.","og_url":"https:\/\/sidap.it\/es\/sostenibilidad-ambiental\/","og_site_name":"SIDAP s.r.l.","article_modified_time":"2024-12-10T08:59:00+00:00","og_image":[{"width":1000,"height":647,"url":"https:\/\/sidap.it\/wp-content\/uploads\/2023\/12\/sidap-sostenibilita2.jpg","type":"image\/jpeg"}],"twitter_card":"summary_large_image","twitter_misc":{"Tiempo de lectura":"2 minutos"},"schema":{"@context":"https:\/\/schema.org","@graph":[{"@type":"WebPage","@id":"https:\/\/sidap.it\/es\/sostenibilidad-ambiental\/","url":"https:\/\/sidap.it\/es\/sostenibilidad-ambiental\/","name":"Sostenibilidad Ambiental &#8211; SIDAP s.r.l.","isPartOf":{"@id":"https:\/\/sidap.it\/#website"},"primaryImageOfPage":{"@id":"https:\/\/sidap.it\/es\/sostenibilidad-ambiental\/#primaryimage"},"image":{"@id":"https:\/\/sidap.it\/es\/sostenibilidad-ambiental\/#primaryimage"},"thumbnailUrl":"https:\/\/sidap.it\/wp-content\/uploads\/2023\/12\/sidap-sostenibilita2.jpg","datePublished":"2023-12-12T16:54:35+00:00","dateModified":"2024-12-10T08:59:00+00:00","description":"Sidap s.r.l. utiliza soluciones ecosostenibles para la log\u00edstica portuaria como sistemas fotovoltaicos, montacargas el\u00e9ctricos y procesamiento de impacto cero.","breadcrumb":{"@id":"https:\/\/sidap.it\/es\/sostenibilidad-ambiental\/#breadcrumb"},"inLanguage":"es","potentialAction":[{"@type":"ReadAction","target":["https:\/\/sidap.it\/es\/sostenibilidad-ambiental\/"]}]},{"@type":"ImageObject","inLanguage":"es","@id":"https:\/\/sidap.it\/es\/sostenibilidad-ambiental\/#primaryimage","url":"https:\/\/sidap.it\/wp-content\/uploads\/2023\/12\/sidap-sostenibilita2.jpg","contentUrl":"https:\/\/sidap.it\/wp-content\/uploads\/2023\/12\/sidap-sostenibilita2.jpg","width":1000,"height":647},{"@type":"BreadcrumbList","@id":"https:\/\/sidap.it\/es\/sostenibilidad-ambiental\/#breadcrumb","itemListElement":[{"@type":"ListItem","position":1,"name":"Home","item":"https:\/\/sidap.it\/es\/"},{"@type":"ListItem","position":2,"name":"Sostenibilidad Ambiental"}]},{"@type":"WebSite","@id":"https:\/\/sidap.it\/#website","url":"https:\/\/sidap.it\/","name":"SIDAP srl","description":"Depositi Portuali, Logistica e Confezionamento - Manfredonia (Foggia)","publisher":{"@id":"https:\/\/sidap.it\/#organization"},"potentialAction":[{"@type":"SearchAction","target":{"@type":"EntryPoint","urlTemplate":"https:\/\/sidap.it\/?s={search_term_string}"},"query-input":{"@type":"PropertyValueSpecification","valueRequired":true,"valueName":"search_term_string"}}],"inLanguage":"es"},{"@type":"Organization","@id":"https:\/\/sidap.it\/#organization","name":"SIDAP srl","url":"https:\/\/sidap.it\/","logo":{"@type":"ImageObject","inLanguage":"es","@id":"https:\/\/sidap.it\/#\/schema\/logo\/image\/","url":"https:\/\/sidap.it\/wp-content\/uploads\/2023\/07\/sidap-temp-logo.webp","contentUrl":"https:\/\/sidap.it\/wp-content\/uploads\/2023\/07\/sidap-temp-logo.webp","width":370,"height":175,"caption":"SIDAP srl"},"image":{"@id":"https:\/\/sidap.it\/#\/schema\/logo\/image\/"}}]}},"_links":{"self":[{"href":"https:\/\/sidap.it\/es\/wp-json\/wp\/v2\/pages\/2942","targetHints":{"allow":["GET"]}}],"collection":[{"href":"https:\/\/sidap.it\/es\/wp-json\/wp\/v2\/pages"}],"about":[{"href":"https:\/\/sidap.it\/es\/wp-json\/wp\/v2\/types\/page"}],"author":[{"embeddable":true,"href":"https:\/\/sidap.it\/es\/wp-json\/wp\/v2\/users\/1"}],"replies":[{"embeddable":true,"href":"https:\/\/sidap.it\/es\/wp-json\/wp\/v2\/comments?post=2942"}],"version-history":[{"count":5,"href":"https:\/\/sidap.it\/es\/wp-json\/wp\/v2\/pages\/2942\/revisions"}],"predecessor-version":[{"id":2957,"href":"https:\/\/sidap.it\/es\/wp-json\/wp\/v2\/pages\/2942\/revisions\/2957"}],"wp:featuredmedia":[{"embeddable":true,"href":"https:\/\/sidap.it\/es\/wp-json\/wp\/v2\/media\/2946"}],"wp:attachment":[{"href":"https:\/\/sidap.it\/es\/wp-json\/wp\/v2\/media?parent=2942"}],"curies":[{"name":"wp","href":"https:\/\/api.w.org\/{rel}","templated":true}]}}